{"id":6981,"date":"2022-05-18T15:04:25","date_gmt":"2022-05-18T13:04:25","guid":{"rendered":"https:\/\/www.optiquecoilliot.com\/?post_type=product&#038;p=6981"},"modified":"2022-10-11T17:35:53","modified_gmt":"2022-10-11T15:35:53","slug":"pl738","status":"publish","type":"product","link":"https:\/\/www.optiquecoilliot.com\/index.php\/produit\/pl738\/","title":{"rendered":"pl738"},"content":{"rendered":"<p>jolie lunettes de vue en m\u00e9tal argent\u00e9 avec un fine ligne de couleur noir sur la face avant.<\/p>\n<p>montage fil nylon taille 48.20 140mm col.13<\/p>\n<p>Vuillet Vega mod.738<\/p>\n<p>Hand made in France<\/p>\n<p>Origine France Garantie<\/p>\n","protected":false},"excerpt":{"rendered":"<p><b>lunettes de vue l\u00e9g\u00e8re, fran\u00e7aise et de qualit\u00e9\u00a0<\/b><\/p>\n","protected":false},"featured_media":6982,"template":"","meta":{"_et_pb_use_builder":"","_et_pb_old_content":"","_et_gb_content_width":""},"product_brand":[],"product_cat":[23,24],"product_tag":[],"class_list":{"0":"post-6981","1":"product","2":"type-product","3":"status-publish","4":"has-post-thumbnail","6":"product_cat-lunettes-vue-montures","7":"product_cat-femme","9":"first","10":"outofstock","11":"sold-individually","12":"shipping-taxable","13":"purchasable","14":"product-type-simple"},"_links":{"self":[{"href":"https:\/\/www.optiquecoilliot.com\/index.php\/wp-json\/wp\/v2\/product\/6981","targetHints":{"allow":["GET"]}}],"collection":[{"href":"https:\/\/www.optiquecoilliot.com\/index.php\/wp-json\/wp\/v2\/product"}],"about":[{"href":"https:\/\/www.optiquecoilliot.com\/index.php\/wp-json\/wp\/v2\/types\/product"}],"wp:featuredmedia":[{"embeddable":true,"href":"https:\/\/www.optiquecoilliot.com\/index.php\/wp-json\/wp\/v2\/media\/6982"}],"wp:attachment":[{"href":"https:\/\/www.optiquecoilliot.com\/index.php\/wp-json\/wp\/v2\/media?parent=6981"}],"wp:term":[{"taxonomy":"product_brand","embeddable":true,"href":"https:\/\/www.optiquecoilliot.com\/index.php\/wp-json\/wp\/v2\/product_brand?post=6981"},{"taxonomy":"product_cat","embeddable":true,"href":"https:\/\/www.optiquecoilliot.com\/index.php\/wp-json\/wp\/v2\/product_cat?post=6981"},{"taxonomy":"product_tag","embeddable":true,"href":"https:\/\/www.optiquecoilliot.com\/index.php\/wp-json\/wp\/v2\/product_tag?post=6981"}],"curies":[{"name":"wp","href":"https:\/\/api.w.org\/{rel}","templated":true}]}}