{"id":6978,"date":"2022-05-16T18:17:44","date_gmt":"2022-05-16T16:17:44","guid":{"rendered":"https:\/\/www.optiquecoilliot.com\/?post_type=product&#038;p=6978"},"modified":"2025-10-01T16:45:23","modified_gmt":"2025-10-01T14:45:23","slug":"pl575","status":"publish","type":"product","link":"https:\/\/www.optiquecoilliot.com\/index.php\/produit\/pl575\/","title":{"rendered":"PL575"},"content":{"rendered":"<p>Lunettes de vue \u00e0 double pont en m\u00e9tal de couleur grise satin\u00e9e.<\/p>\n<p>Valeur sure et robuste.<\/p>\n<p>charni\u00e9res Flex<\/p>\n<p>taille 54.17 140mm col.6<\/p>\n<p>Vuillet Vega<\/p>\n<p>Hand made in France<\/p>\n<p>Origine France Garantie<\/p>\n","protected":false},"excerpt":{"rendered":"<p>Lunettes de vue \u00e0 double pont en m\u00e9tal grises satin\u00e9es robuste et classique.<\/p>\n<p>&nbsp;<\/p>\n","protected":false},"featured_media":6979,"template":"","meta":{"_et_pb_use_builder":"","_et_pb_old_content":"","_et_gb_content_width":""},"product_brand":[],"product_cat":[23,24,25,26],"product_tag":[],"class_list":{"0":"post-6978","1":"product","2":"type-product","3":"status-publish","4":"has-post-thumbnail","6":"product_cat-lunettes-vue-montures","7":"product_cat-femme","8":"product_cat-lunettes-homme","9":"product_cat-lunettes-mixte","11":"first","12":"outofstock","13":"sold-individually","14":"shipping-taxable","15":"purchasable","16":"product-type-simple"},"_links":{"self":[{"href":"https:\/\/www.optiquecoilliot.com\/index.php\/wp-json\/wp\/v2\/product\/6978","targetHints":{"allow":["GET"]}}],"collection":[{"href":"https:\/\/www.optiquecoilliot.com\/index.php\/wp-json\/wp\/v2\/product"}],"about":[{"href":"https:\/\/www.optiquecoilliot.com\/index.php\/wp-json\/wp\/v2\/types\/product"}],"wp:featuredmedia":[{"embeddable":true,"href":"https:\/\/www.optiquecoilliot.com\/index.php\/wp-json\/wp\/v2\/media\/6979"}],"wp:attachment":[{"href":"https:\/\/www.optiquecoilliot.com\/index.php\/wp-json\/wp\/v2\/media?parent=6978"}],"wp:term":[{"taxonomy":"product_brand","embeddable":true,"href":"https:\/\/www.optiquecoilliot.com\/index.php\/wp-json\/wp\/v2\/product_brand?post=6978"},{"taxonomy":"product_cat","embeddable":true,"href":"https:\/\/www.optiquecoilliot.com\/index.php\/wp-json\/wp\/v2\/product_cat?post=6978"},{"taxonomy":"product_tag","embeddable":true,"href":"https:\/\/www.optiquecoilliot.com\/index.php\/wp-json\/wp\/v2\/product_tag?post=6978"}],"curies":[{"name":"wp","href":"https:\/\/api.w.org\/{rel}","templated":true}]}}