{"id":6964,"date":"2022-05-13T17:04:52","date_gmt":"2022-05-13T15:04:52","guid":{"rendered":"https:\/\/www.optiquecoilliot.com\/?post_type=product&#038;p=6964"},"modified":"2024-04-02T15:44:52","modified_gmt":"2024-04-02T13:44:52","slug":"augustin-c","status":"publish","type":"product","link":"https:\/\/www.optiquecoilliot.com\/index.php\/produit\/augustin-c\/","title":{"rendered":"AUGUSTIN C"},"content":{"rendered":"<p>Lunettes de vue haut de gamme de fabrication fran\u00e7aise.<\/p>\n<p>Compos\u00e9e de mat\u00e9riaux rares la part de fabrication fran\u00e7aise de cette monture est sup\u00e9rieure \u00e0 95%<\/p>\n<p>Taille: 55.19 140mm<\/p>\n<p>Hand made in France<\/p>\n","protected":false},"excerpt":{"rendered":"<p>Lunettes de luxe<\/p>\n","protected":false},"featured_media":6965,"template":"","meta":{"_et_pb_use_builder":"","_et_pb_old_content":"","_et_gb_content_width":""},"product_brand":[],"product_cat":[23,25],"product_tag":[],"class_list":{"0":"post-6964","1":"product","2":"type-product","3":"status-publish","4":"has-post-thumbnail","6":"product_cat-lunettes-vue-montures","7":"product_cat-lunettes-homme","9":"first","10":"outofstock","11":"sold-individually","12":"shipping-taxable","13":"purchasable","14":"product-type-simple"},"_links":{"self":[{"href":"https:\/\/www.optiquecoilliot.com\/index.php\/wp-json\/wp\/v2\/product\/6964","targetHints":{"allow":["GET"]}}],"collection":[{"href":"https:\/\/www.optiquecoilliot.com\/index.php\/wp-json\/wp\/v2\/product"}],"about":[{"href":"https:\/\/www.optiquecoilliot.com\/index.php\/wp-json\/wp\/v2\/types\/product"}],"wp:featuredmedia":[{"embeddable":true,"href":"https:\/\/www.optiquecoilliot.com\/index.php\/wp-json\/wp\/v2\/media\/6965"}],"wp:attachment":[{"href":"https:\/\/www.optiquecoilliot.com\/index.php\/wp-json\/wp\/v2\/media?parent=6964"}],"wp:term":[{"taxonomy":"product_brand","embeddable":true,"href":"https:\/\/www.optiquecoilliot.com\/index.php\/wp-json\/wp\/v2\/product_brand?post=6964"},{"taxonomy":"product_cat","embeddable":true,"href":"https:\/\/www.optiquecoilliot.com\/index.php\/wp-json\/wp\/v2\/product_cat?post=6964"},{"taxonomy":"product_tag","embeddable":true,"href":"https:\/\/www.optiquecoilliot.com\/index.php\/wp-json\/wp\/v2\/product_tag?post=6964"}],"curies":[{"name":"wp","href":"https:\/\/api.w.org\/{rel}","templated":true}]}}