{"id":6668,"date":"2020-04-03T11:35:35","date_gmt":"2020-04-03T09:35:35","guid":{"rendered":"https:\/\/www.optiquecoilliot.com\/?post_type=product&#038;p=6668"},"modified":"2020-04-03T11:35:36","modified_gmt":"2020-04-03T09:35:36","slug":"spx-2907-75-410","status":"publish","type":"product","link":"https:\/\/www.optiquecoilliot.com\/index.php\/produit\/spx-2907-75-410\/","title":{"rendered":"SPX 2907 75 410"},"content":{"rendered":"","protected":false},"excerpt":{"rendered":"<p>Lunettes haut de gamme face SPX et branches en titane.<\/p>\n<p>Teint\u00e9es dans la masse, r\u00e9sistantes aux UV,ultra l\u00e9g\u00e8res, anallergiques&#8230;<\/p>\n<p>Garantie 3 ans<\/p>\n<p>Taille 50.17 145mm<\/p>\n","protected":false},"featured_media":6669,"template":"","meta":{"_et_pb_use_builder":"","_et_pb_old_content":"","_et_gb_content_width":""},"product_brand":[],"product_cat":[23,24,26],"product_tag":[],"class_list":{"0":"post-6668","1":"product","2":"type-product","3":"status-publish","4":"has-post-thumbnail","6":"product_cat-lunettes-vue-montures","7":"product_cat-femme","8":"product_cat-lunettes-mixte","10":"first","11":"instock","12":"shipping-taxable","13":"purchasable","14":"product-type-simple"},"_links":{"self":[{"href":"https:\/\/www.optiquecoilliot.com\/index.php\/wp-json\/wp\/v2\/product\/6668","targetHints":{"allow":["GET"]}}],"collection":[{"href":"https:\/\/www.optiquecoilliot.com\/index.php\/wp-json\/wp\/v2\/product"}],"about":[{"href":"https:\/\/www.optiquecoilliot.com\/index.php\/wp-json\/wp\/v2\/types\/product"}],"wp:featuredmedia":[{"embeddable":true,"href":"https:\/\/www.optiquecoilliot.com\/index.php\/wp-json\/wp\/v2\/media\/6669"}],"wp:attachment":[{"href":"https:\/\/www.optiquecoilliot.com\/index.php\/wp-json\/wp\/v2\/media?parent=6668"}],"wp:term":[{"taxonomy":"product_brand","embeddable":true,"href":"https:\/\/www.optiquecoilliot.com\/index.php\/wp-json\/wp\/v2\/product_brand?post=6668"},{"taxonomy":"product_cat","embeddable":true,"href":"https:\/\/www.optiquecoilliot.com\/index.php\/wp-json\/wp\/v2\/product_cat?post=6668"},{"taxonomy":"product_tag","embeddable":true,"href":"https:\/\/www.optiquecoilliot.com\/index.php\/wp-json\/wp\/v2\/product_tag?post=6668"}],"curies":[{"name":"wp","href":"https:\/\/api.w.org\/{rel}","templated":true}]}}