{"id":636,"date":"2018-11-19T18:00:50","date_gmt":"2018-11-19T17:00:50","guid":{"rendered":"https:\/\/www.optiquecoilliot.com\/?post_type=product&#038;p=636"},"modified":"2025-10-01T17:10:10","modified_gmt":"2025-10-01T15:10:10","slug":"aicha_ar16351_color_584_52-18","status":"publish","type":"product","link":"https:\/\/www.optiquecoilliot.com\/index.php\/produit\/aicha_ar16351_color_584_52-18\/","title":{"rendered":"AR16351"},"content":{"rendered":"<p>Monture femme en m\u00e9tal, charni\u00e8res \u00ab\u00a0flex\u00a0\u00bb<\/p>\n<p>De couleur dor\u00e9 brillant sans ostentation avec un motif qui commence au tenon et finit \u00e0 la moiti\u00e9 de la branche.<\/p>\n<p>Aristar 140mm Charmant\u00a0 AR16351 color 584 52.18<\/p>\n","protected":false},"excerpt":{"rendered":"<p>Monture femme en m\u00e9tal, charni\u00e8res \u00ab\u00a0flex\u00a0\u00bb<\/p>\n<p>De couleur dor\u00e9 brillant sans ostentation avec un motif qui commence au tenon et finit \u00e0 la moiti\u00e9 de la branche.<\/p>\n<p>Aristar 140mm Charmant\u00a0 AR16351 color 584 52.18<\/p>\n","protected":false},"featured_media":637,"template":"","meta":{"_et_pb_use_builder":"","_et_pb_old_content":"","_et_gb_content_width":""},"product_brand":[],"product_cat":[23,24],"product_tag":[],"class_list":{"0":"post-636","1":"product","2":"type-product","3":"status-publish","4":"has-post-thumbnail","6":"product_cat-lunettes-vue-montures","7":"product_cat-femme","9":"first","10":"outofstock","11":"shipping-taxable","12":"purchasable","13":"product-type-simple"},"_links":{"self":[{"href":"https:\/\/www.optiquecoilliot.com\/index.php\/wp-json\/wp\/v2\/product\/636","targetHints":{"allow":["GET"]}}],"collection":[{"href":"https:\/\/www.optiquecoilliot.com\/index.php\/wp-json\/wp\/v2\/product"}],"about":[{"href":"https:\/\/www.optiquecoilliot.com\/index.php\/wp-json\/wp\/v2\/types\/product"}],"wp:featuredmedia":[{"embeddable":true,"href":"https:\/\/www.optiquecoilliot.com\/index.php\/wp-json\/wp\/v2\/media\/637"}],"wp:attachment":[{"href":"https:\/\/www.optiquecoilliot.com\/index.php\/wp-json\/wp\/v2\/media?parent=636"}],"wp:term":[{"taxonomy":"product_brand","embeddable":true,"href":"https:\/\/www.optiquecoilliot.com\/index.php\/wp-json\/wp\/v2\/product_brand?post=636"},{"taxonomy":"product_cat","embeddable":true,"href":"https:\/\/www.optiquecoilliot.com\/index.php\/wp-json\/wp\/v2\/product_cat?post=636"},{"taxonomy":"product_tag","embeddable":true,"href":"https:\/\/www.optiquecoilliot.com\/index.php\/wp-json\/wp\/v2\/product_tag?post=636"}],"curies":[{"name":"wp","href":"https:\/\/api.w.org\/{rel}","templated":true}]}}