{"id":512,"date":"2018-10-25T17:31:12","date_gmt":"2018-10-25T15:31:12","guid":{"rendered":"https:\/\/www.optiquecoilliot.com\/?post_type=product&#038;p=512"},"modified":"2020-04-14T18:44:05","modified_gmt":"2020-04-14T16:44:05","slug":"lagoon_charles_stone","status":"publish","type":"product","link":"https:\/\/www.optiquecoilliot.com\/index.php\/produit\/lagoon_charles_stone\/","title":{"rendered":"Lagoon"},"content":{"rendered":"<p>Monture femme ultra l\u00e9g\u00e8re de couleur bleu lagon en ac\u00e9tate compress\u00e9 avec des charni\u00e8res \u00ab\u00a0flex\u00a0\u00bb<\/p>\n<p>Charles Stone New York\u00a0 NY106 c2 50.18 140mm<\/p>\n","protected":false},"excerpt":{"rendered":"<p>Monture femme ultra l\u00e9g\u00e8re de couleur bleu lagon en ac\u00e9tate compress\u00e9 avec des charni\u00e8res \u00ab\u00a0flex\u00a0\u00bb<\/p>\n<p>Charles Stone New York\u00a0 NY106 c2 50.18 140mm<\/p>\n","protected":false},"featured_media":513,"template":"","meta":{"_et_pb_use_builder":"","_et_pb_old_content":"","_et_gb_content_width":""},"product_brand":[],"product_cat":[23,24,26],"product_tag":[],"class_list":{"0":"post-512","1":"product","2":"type-product","3":"status-publish","4":"has-post-thumbnail","6":"product_cat-lunettes-vue-montures","7":"product_cat-femme","8":"product_cat-lunettes-mixte","10":"first","11":"instock","12":"shipping-taxable","13":"purchasable","14":"product-type-simple"},"_links":{"self":[{"href":"https:\/\/www.optiquecoilliot.com\/index.php\/wp-json\/wp\/v2\/product\/512","targetHints":{"allow":["GET"]}}],"collection":[{"href":"https:\/\/www.optiquecoilliot.com\/index.php\/wp-json\/wp\/v2\/product"}],"about":[{"href":"https:\/\/www.optiquecoilliot.com\/index.php\/wp-json\/wp\/v2\/types\/product"}],"wp:featuredmedia":[{"embeddable":true,"href":"https:\/\/www.optiquecoilliot.com\/index.php\/wp-json\/wp\/v2\/media\/513"}],"wp:attachment":[{"href":"https:\/\/www.optiquecoilliot.com\/index.php\/wp-json\/wp\/v2\/media?parent=512"}],"wp:term":[{"taxonomy":"product_brand","embeddable":true,"href":"https:\/\/www.optiquecoilliot.com\/index.php\/wp-json\/wp\/v2\/product_brand?post=512"},{"taxonomy":"product_cat","embeddable":true,"href":"https:\/\/www.optiquecoilliot.com\/index.php\/wp-json\/wp\/v2\/product_cat?post=512"},{"taxonomy":"product_tag","embeddable":true,"href":"https:\/\/www.optiquecoilliot.com\/index.php\/wp-json\/wp\/v2\/product_tag?post=512"}],"curies":[{"name":"wp","href":"https:\/\/api.w.org\/{rel}","templated":true}]}}