{"id":286,"date":"2018-10-08T14:21:34","date_gmt":"2018-10-08T12:21:34","guid":{"rendered":"https:\/\/www.optiquecoilliot.com\/?post_type=product&#038;p=286"},"modified":"2019-04-15T10:48:51","modified_gmt":"2019-04-15T08:48:51","slug":"lunettes-femme-metal-guy-laroche","status":"publish","type":"product","link":"https:\/\/www.optiquecoilliot.com\/index.php\/produit\/lunettes-femme-metal-guy-laroche\/","title":{"rendered":"Guy Laroche 76275"},"content":{"rendered":"<p>&nbsp;<\/p>\n<p>Lunettes de vue femme Guy Laroche, face en m\u00e9tal dor\u00e9 et branche en plastique fa\u00e7on imprim\u00e9 foulard<\/p>\n<p>GL76275 101 53.17 MI 135<\/p>\n<p>Adaptable en verres progressifs (hauteur 34 mm )<\/p>\n","protected":false},"excerpt":{"rendered":"<p>&nbsp; Lunettes de vue femme Guy Laroche, face en m\u00e9tal dor\u00e9 et branche en plastique fa\u00e7on imprim\u00e9 foulard GL76275 101 53.17 MI 135 Adaptable en verres progressifs (hauteur 34 mm )<\/p>\n","protected":false},"featured_media":163,"template":"","meta":{"_et_pb_use_builder":"","_et_pb_old_content":"","_et_gb_content_width":""},"product_brand":[],"product_cat":[23,24],"product_tag":[],"class_list":{"0":"post-286","1":"product","2":"type-product","3":"status-publish","4":"has-post-thumbnail","6":"product_cat-lunettes-vue-montures","7":"product_cat-femme","9":"first","10":"instock","11":"sold-individually","12":"shipping-taxable","13":"purchasable","14":"product-type-simple"},"_links":{"self":[{"href":"https:\/\/www.optiquecoilliot.com\/index.php\/wp-json\/wp\/v2\/product\/286","targetHints":{"allow":["GET"]}}],"collection":[{"href":"https:\/\/www.optiquecoilliot.com\/index.php\/wp-json\/wp\/v2\/product"}],"about":[{"href":"https:\/\/www.optiquecoilliot.com\/index.php\/wp-json\/wp\/v2\/types\/product"}],"wp:featuredmedia":[{"embeddable":true,"href":"https:\/\/www.optiquecoilliot.com\/index.php\/wp-json\/wp\/v2\/media\/163"}],"wp:attachment":[{"href":"https:\/\/www.optiquecoilliot.com\/index.php\/wp-json\/wp\/v2\/media?parent=286"}],"wp:term":[{"taxonomy":"product_brand","embeddable":true,"href":"https:\/\/www.optiquecoilliot.com\/index.php\/wp-json\/wp\/v2\/product_brand?post=286"},{"taxonomy":"product_cat","embeddable":true,"href":"https:\/\/www.optiquecoilliot.com\/index.php\/wp-json\/wp\/v2\/product_cat?post=286"},{"taxonomy":"product_tag","embeddable":true,"href":"https:\/\/www.optiquecoilliot.com\/index.php\/wp-json\/wp\/v2\/product_tag?post=286"}],"curies":[{"name":"wp","href":"https:\/\/api.w.org\/{rel}","templated":true}]}}