{"id":1242,"date":"2019-03-08T17:05:39","date_gmt":"2019-03-08T16:05:39","guid":{"rendered":"https:\/\/www.optiquecoilliot.com\/?post_type=product&#038;p=1242"},"modified":"2025-10-01T16:51:58","modified_gmt":"2025-10-01T14:51:58","slug":"3615","status":"publish","type":"product","link":"https:\/\/www.optiquecoilliot.com\/index.php\/produit\/3615\/","title":{"rendered":"3615"},"content":{"rendered":"<p>Lunettes en acetate de cellulose<\/p>\n<p>Double pont de nez<\/p>\n<p>jolies charni\u00e8res rivet\u00e9es triple<\/p>\n<p>couleur \u00e9caille tabac<\/p>\n<p>Optique Coilliot 3615 53.17 145mm<\/p>\n","protected":false},"excerpt":{"rendered":"<p>Lunettes en acetate de cellulose Double pont de nez jolies charni\u00e8res rivet\u00e9es triple couleur \u00e9caille tabac Optique Coilliot 3615 53.17 145mm<\/p>\n","protected":false},"featured_media":1243,"template":"","meta":{"_et_pb_use_builder":"","_et_pb_old_content":"","_et_gb_content_width":""},"product_brand":[],"product_cat":[23,24,25,26],"product_tag":[],"class_list":{"0":"post-1242","1":"product","2":"type-product","3":"status-publish","4":"has-post-thumbnail","6":"product_cat-lunettes-vue-montures","7":"product_cat-femme","8":"product_cat-lunettes-homme","9":"product_cat-lunettes-mixte","11":"first","12":"outofstock","13":"shipping-taxable","14":"purchasable","15":"product-type-simple"},"_links":{"self":[{"href":"https:\/\/www.optiquecoilliot.com\/index.php\/wp-json\/wp\/v2\/product\/1242","targetHints":{"allow":["GET"]}}],"collection":[{"href":"https:\/\/www.optiquecoilliot.com\/index.php\/wp-json\/wp\/v2\/product"}],"about":[{"href":"https:\/\/www.optiquecoilliot.com\/index.php\/wp-json\/wp\/v2\/types\/product"}],"wp:featuredmedia":[{"embeddable":true,"href":"https:\/\/www.optiquecoilliot.com\/index.php\/wp-json\/wp\/v2\/media\/1243"}],"wp:attachment":[{"href":"https:\/\/www.optiquecoilliot.com\/index.php\/wp-json\/wp\/v2\/media?parent=1242"}],"wp:term":[{"taxonomy":"product_brand","embeddable":true,"href":"https:\/\/www.optiquecoilliot.com\/index.php\/wp-json\/wp\/v2\/product_brand?post=1242"},{"taxonomy":"product_cat","embeddable":true,"href":"https:\/\/www.optiquecoilliot.com\/index.php\/wp-json\/wp\/v2\/product_cat?post=1242"},{"taxonomy":"product_tag","embeddable":true,"href":"https:\/\/www.optiquecoilliot.com\/index.php\/wp-json\/wp\/v2\/product_tag?post=1242"}],"curies":[{"name":"wp","href":"https:\/\/api.w.org\/{rel}","templated":true}]}}